{"id":151,"date":"2018-12-08T08:43:15","date_gmt":"2018-12-08T05:43:15","guid":{"rendered":"http:\/\/www.karesi5asm.com\/?page_id=151"},"modified":"2022-12-26T17:26:44","modified_gmt":"2022-12-26T14:26:44","slug":"hizmet-standartlari","status":"publish","type":"page","link":"http:\/\/www.karesi5asm.com\/?page_id=151","title":{"rendered":"Sunulan Hizmetler ve Standartlar\u0131"},"content":{"rendered":"\n<p>     Aile hekimi ya\u015f, cinsiyet ve hastal\u0131k gruplar\u0131na y\u00f6nelik izlem ve taramalar\u0131 (kanser, yenido\u011fan, kronik hastal\u0131klar, ya\u015fl\u0131 sa\u011fl\u0131\u011f\u0131 ve benzeri taramalar) yapar. Ki\u015fiye y\u00f6nelik koruyucu sa\u011fl\u0131k hizmetleri (gebe, lo\u011fusa, bebek, \u00e7ocuk izlemleri, a\u015f\u0131lama hizmetleri gibi) ile birinci basamak tan\u0131, tedavi, rehabilitasyon ve dan\u0131\u015fmanl\u0131k hizmetleri, sa\u011fl\u0131\u011f\u0131 geli\u015ftirici hizmetler ile ana \u00e7ocuk sa\u011fl\u0131\u011f\u0131 ve aile planlamas\u0131 hizmetlerini verir. Evde takibi zorunlu \u00f6z\u00fcrl\u00fc, ya\u015fl\u0131, yatalak ve benzeri durumdaki ki\u015filere evde veya gezici\/yerinde sa\u011fl\u0131k hizmetlerinin y\u00fcr\u00fct\u00fclmesi s\u0131ras\u0131nda koruyucu sa\u011fl\u0131k hizmeti, birinci basamak tan\u0131, tedavi rehabilitasyon ve dan\u0131\u015fmanl\u0131k hizmetlerini verir, tan\u0131 ve tedavisi yap\u0131lamayan hastalar\u0131 sevk eder, sevk edilen hastalar\u0131n geri bildirilen muayene, tetkik, tan\u0131, tedavi ve yat\u0131\u015f bilgilerini de\u011ferlendirir, ikinci ve \u00fc\u00e7\u00fcnc\u00fc basamak tedavi ve rehabilitasyon hizmetleri ile evde bak\u0131m hizmetlerinin koordinasyonunu yapar. Gerekti\u011finde ki\u015fiyi g\u00f6zlem alt\u0131na alarak tetkik ve tedavisini yapar. Sa\u011fl\u0131k raporu, sevk evrak\u0131, re\u00e7ete v.s. belgeleri d\u00fczenler.<\/p>\n","protected":false},"excerpt":{"rendered":"<p>Aile hekimi ya\u015f, cinsiyet ve hastal\u0131k gruplar\u0131na y\u00f6nelik izlem ve taramalar\u0131 (kanser, yenido\u011fan, kronik hastal\u0131klar, ya\u015fl\u0131 sa\u011fl\u0131\u011f\u0131 ve benzeri taramalar) yapar. Ki\u015fiye y\u00f6nelik koruyucu sa\u011fl\u0131k hizmetleri (gebe, lo\u011fusa, bebek, \u00e7ocuk izlemleri, a\u015f\u0131lama hizmetleri gibi) ile birinci basamak tan\u0131, tedavi, rehabilitasyon ve dan\u0131\u015fmanl\u0131k hizmetleri, sa\u011fl\u0131\u011f\u0131 geli\u015ftirici hizmetler ile ana \u00e7ocuk sa\u011fl\u0131\u011f\u0131 ve aile planlamas\u0131 hizmetlerini verir.&hellip;<\/p>\n","protected":false},"author":1,"featured_media":0,"parent":0,"menu_order":0,"comment_status":"closed","ping_status":"closed","template":"","meta":{"footnotes":""},"class_list":["post-151","page","type-page","status-publish","hentry"],"_links":{"self":[{"href":"http:\/\/www.karesi5asm.com\/index.php?rest_route=\/wp\/v2\/pages\/151","targetHints":{"allow":["GET"]}}],"collection":[{"href":"http:\/\/www.karesi5asm.com\/index.php?rest_route=\/wp\/v2\/pages"}],"about":[{"href":"http:\/\/www.karesi5asm.com\/index.php?rest_route=\/wp\/v2\/types\/page"}],"author":[{"embeddable":true,"href":"http:\/\/www.karesi5asm.com\/index.php?rest_route=\/wp\/v2\/users\/1"}],"replies":[{"embeddable":true,"href":"http:\/\/www.karesi5asm.com\/index.php?rest_route=%2Fwp%2Fv2%2Fcomments&post=151"}],"version-history":[{"count":10,"href":"http:\/\/www.karesi5asm.com\/index.php?rest_route=\/wp\/v2\/pages\/151\/revisions"}],"predecessor-version":[{"id":1313,"href":"http:\/\/www.karesi5asm.com\/index.php?rest_route=\/wp\/v2\/pages\/151\/revisions\/1313"}],"wp:attachment":[{"href":"http:\/\/www.karesi5asm.com\/index.php?rest_route=%2Fwp%2Fv2%2Fmedia&parent=151"}],"curies":[{"name":"wp","href":"https:\/\/api.w.org\/{rel}","templated":true}]}}