{"id":160,"date":"2018-12-08T08:48:57","date_gmt":"2018-12-08T05:48:57","guid":{"rendered":"http:\/\/www.karesi5asm.com\/?page_id=160"},"modified":"2021-04-15T16:06:00","modified_gmt":"2021-04-15T13:06:00","slug":"iletisim","status":"publish","type":"page","link":"http:\/\/www.karesi5asm.com\/?page_id=160","title":{"rendered":"\u0130leti\u015fim"},"content":{"rendered":"\n<p class=\"has-text-align-center\">Adnan Menderes Mahallesi, 115. Cd. (Aslan A\u011fa Cd.) No: 10\/2 10100 Karesi \/ BALIKES\u0130R<\/p>\n\n\n\n<p class=\"has-text-align-center\">Santral Tel: 0 266 224 42 90<\/p>\n\n\n\n<p class=\"has-text-align-center\">Belgege\u00e7er Tel: 0 266 224 60 70<br><\/p>\n\n\n\n<div align=\"center\"><figure><iframe loading=\"lazy\" src=\"https:\/\/www.google.com\/maps\/embed?pb=!1m14!1m8!1m3!1d1291.5452561429522!2d27.855200438304852!3d39.653548942996814!3m2!1i1024!2i768!4f13.1!3m3!1m2!1s0x0%3A0x9bdb9fd868ddb2d4!2zQmFsxLFrZXNpciBLYXJlc2kgNSBObydsdSBBaWxlIFNhxJ9sxLHEn8SxIE1lcmtlemk!5e0!3m2!1str!2str!4v1544290066419\" allowfullscreen=\"\" width=\"600\" height=\"450\"><\/iframe><\/figure><\/div>\n\n\n\n<p><strong>Karesi \u0130l\u00e7e Sa\u011fl\u0131k M\u00fcd\u00fcrl\u00fc\u011f\u00fc \u0130leti\u015fim<\/strong> <\/p>\n\n\n\n<p>Adresi\u00a0 : Atat\u00fcrk Mahallesi 1. H\u00fcrriyet Sokak No:17 Karesi\/Bal\u0131kesir <\/p>\n\n\n\n<p>Telefon Numaras\u0131: 0 (266) \u00a0243 54 07 Dahili:114 <\/p>\n\n\n\n<p>Faks Numaras\u0131: 0 (266) 244 32 02<\/p>\n\n\n\n<p><\/p>\n\n\n\n<p><strong>\u0130L SA\u011eLIK M\u00dcD\u00dcRL\u00dc\u011e\u00dc \u0130LET\u0130\u015e\u0130M<\/strong><\/p>\n\n\n\n<figure class=\"wp-block-image size-large\"><img loading=\"lazy\" decoding=\"async\" width=\"992\" height=\"383\" src=\"http:\/\/www.karesi5asm.com\/wp-content\/uploads\/2021\/04\/ilSM_iletisim.png\" alt=\"\" class=\"wp-image-1235\" srcset=\"http:\/\/www.karesi5asm.com\/wp-content\/uploads\/2021\/04\/ilSM_iletisim.png 992w, http:\/\/www.karesi5asm.com\/wp-content\/uploads\/2021\/04\/ilSM_iletisim-300x116.png 300w, http:\/\/www.karesi5asm.com\/wp-content\/uploads\/2021\/04\/ilSM_iletisim-768x297.png 768w\" sizes=\"auto, (max-width: 992px) 100vw, 992px\" \/><\/figure>\n","protected":false},"excerpt":{"rendered":"<p>Adnan Menderes Mahallesi, 115. Cd. (Aslan A\u011fa Cd.) No: 10\/2 10100 Karesi \/ BALIKES\u0130R Santral Tel: 0 266 224 42 90 Belgege\u00e7er Tel: 0 266 224 60 70 Karesi \u0130l\u00e7e Sa\u011fl\u0131k M\u00fcd\u00fcrl\u00fc\u011f\u00fc \u0130leti\u015fim Adresi\u00a0 : Atat\u00fcrk Mahallesi 1. H\u00fcrriyet Sokak No:17 Karesi\/Bal\u0131kesir Telefon Numaras\u0131: 0 (266) \u00a0243 54 07 Dahili:114 Faks Numaras\u0131: 0 (266) 244&hellip;<\/p>\n","protected":false},"author":1,"featured_media":0,"parent":0,"menu_order":0,"comment_status":"closed","ping_status":"closed","template":"","meta":{"footnotes":""},"class_list":["post-160","page","type-page","status-publish","hentry"],"_links":{"self":[{"href":"http:\/\/www.karesi5asm.com\/index.php?rest_route=\/wp\/v2\/pages\/160","targetHints":{"allow":["GET"]}}],"collection":[{"href":"http:\/\/www.karesi5asm.com\/index.php?rest_route=\/wp\/v2\/pages"}],"about":[{"href":"http:\/\/www.karesi5asm.com\/index.php?rest_route=\/wp\/v2\/types\/page"}],"author":[{"embeddable":true,"href":"http:\/\/www.karesi5asm.com\/index.php?rest_route=\/wp\/v2\/users\/1"}],"replies":[{"embeddable":true,"href":"http:\/\/www.karesi5asm.com\/index.php?rest_route=%2Fwp%2Fv2%2Fcomments&post=160"}],"version-history":[{"count":11,"href":"http:\/\/www.karesi5asm.com\/index.php?rest_route=\/wp\/v2\/pages\/160\/revisions"}],"predecessor-version":[{"id":1237,"href":"http:\/\/www.karesi5asm.com\/index.php?rest_route=\/wp\/v2\/pages\/160\/revisions\/1237"}],"wp:attachment":[{"href":"http:\/\/www.karesi5asm.com\/index.php?rest_route=%2Fwp%2Fv2%2Fmedia&parent=160"}],"curies":[{"name":"wp","href":"https:\/\/api.w.org\/{rel}","templated":true}]}}