{"id":95,"date":"2018-12-08T08:38:33","date_gmt":"2018-12-08T05:38:33","guid":{"rendered":"http:\/\/www.karesi5asm.com\/?page_id=95"},"modified":"2018-12-11T19:59:02","modified_gmt":"2018-12-11T16:59:02","slug":"hakkimizda","status":"publish","type":"page","link":"http:\/\/www.karesi5asm.com\/?page_id=95","title":{"rendered":"Misyonumuz"},"content":{"rendered":"\n<p>11\/10\/2010 tarihinde \u015fu anda hizmet verdi\u011fimiz binada be\u015f aile hekimi, be\u015f aile sa\u011fl\u0131\u011f\u0131 \u00e7al\u0131\u015fan\u0131 ve yad\u0131mc\u0131 personelimiz ile ba\u015flad\u0131\u011f\u0131m\u0131z Aile Hekimli\u011fi sa\u011fl\u0131k hizmetimizi her ge\u00e7en g\u00fcn geli\u015ftirerek devam etmekteyiz.&nbsp;<\/p>\n\n\n\n<p>Aile Sa\u011fl\u0131\u011f\u0131 Merkezimiz, Aile hekimli\u011fi uygulamas\u0131n\u0131 bilimsel veriler \u0131\u015f\u0131\u011f\u0131nda s\u00fcrd\u00fcrmeyi, sorunlar\u0131n\u0131n \u00e7\u00f6z\u00fcm\u00fcne hizmet verdi\u011fi toplumun sa\u011fl\u0131\u011f\u0131n\u0131 da dikkate alarak katk\u0131da bulunmay\u0131, Faaliyetlerini uluslararas\u0131 normlar, etik ilkeler \u0131\u015f\u0131\u011f\u0131nda, \u015fah\u0131slardan ve siyasi kurumlardan ba\u011f\u0131ms\u0131z bir \u015fekilde, yasal s\u0131n\u0131rlar \u00e7er\u00e7evesinde yerine getirmeyi g\u00f6rev edinmi\u015ftir.<\/p>\n\n\n\n<p>\n\nSizin sa\u011fl\u0131\u011f\u0131n\u0131z \u00f6nceli\u011fimizdir.\n\n<\/p>\n","protected":false},"excerpt":{"rendered":"<p>11\/10\/2010 tarihinde \u015fu anda hizmet verdi\u011fimiz binada be\u015f aile hekimi, be\u015f aile sa\u011fl\u0131\u011f\u0131 \u00e7al\u0131\u015fan\u0131 ve yad\u0131mc\u0131 personelimiz ile ba\u015flad\u0131\u011f\u0131m\u0131z Aile Hekimli\u011fi sa\u011fl\u0131k hizmetimizi her ge\u00e7en g\u00fcn geli\u015ftirerek devam etmekteyiz.&nbsp; Aile Sa\u011fl\u0131\u011f\u0131 Merkezimiz, Aile hekimli\u011fi uygulamas\u0131n\u0131 bilimsel veriler \u0131\u015f\u0131\u011f\u0131nda s\u00fcrd\u00fcrmeyi, sorunlar\u0131n\u0131n \u00e7\u00f6z\u00fcm\u00fcne hizmet verdi\u011fi toplumun sa\u011fl\u0131\u011f\u0131n\u0131 da dikkate alarak katk\u0131da bulunmay\u0131, Faaliyetlerini uluslararas\u0131 normlar, etik ilkeler&hellip;<\/p>\n","protected":false},"author":1,"featured_media":0,"parent":0,"menu_order":0,"comment_status":"closed","ping_status":"closed","template":"","meta":{"footnotes":""},"class_list":["post-95","page","type-page","status-publish","hentry"],"_links":{"self":[{"href":"http:\/\/www.karesi5asm.com\/index.php?rest_route=\/wp\/v2\/pages\/95","targetHints":{"allow":["GET"]}}],"collection":[{"href":"http:\/\/www.karesi5asm.com\/index.php?rest_route=\/wp\/v2\/pages"}],"about":[{"href":"http:\/\/www.karesi5asm.com\/index.php?rest_route=\/wp\/v2\/types\/page"}],"author":[{"embeddable":true,"href":"http:\/\/www.karesi5asm.com\/index.php?rest_route=\/wp\/v2\/users\/1"}],"replies":[{"embeddable":true,"href":"http:\/\/www.karesi5asm.com\/index.php?rest_route=%2Fwp%2Fv2%2Fcomments&post=95"}],"version-history":[{"count":10,"href":"http:\/\/www.karesi5asm.com\/index.php?rest_route=\/wp\/v2\/pages\/95\/revisions"}],"predecessor-version":[{"id":406,"href":"http:\/\/www.karesi5asm.com\/index.php?rest_route=\/wp\/v2\/pages\/95\/revisions\/406"}],"wp:attachment":[{"href":"http:\/\/www.karesi5asm.com\/index.php?rest_route=%2Fwp%2Fv2%2Fmedia&parent=95"}],"curies":[{"name":"wp","href":"https:\/\/api.w.org\/{rel}","templated":true}]}}